{"id":39,"date":"2026-03-16T10:53:52","date_gmt":"2026-03-16T10:53:52","guid":{"rendered":"https:\/\/musicspacelab.com\/portfolio\/"},"modified":"2026-03-16T11:33:33","modified_gmt":"2026-03-16T11:33:33","slug":"portfolio","status":"publish","type":"page","link":"https:\/\/musicspacelab.com\/pl\/portfolio\/","title":{"rendered":"Portfolio"},"content":{"rendered":"<div class=\"wp-block-group alignfull is-style-ext-preset--group--natural-1--section has-background-background-color has-background has-global-padding is-layout-constrained wp-container-core-group-is-layout-7276a2bb wp-block-group-is-layout-constrained is-style-ext-preset--group--natural-1--section--1\" style=\"margin-top:0;margin-bottom:0;padding-top:var(--wp--preset--spacing--60);padding-right:var(--wp--preset--spacing--30);padding-bottom:var(--wp--preset--spacing--60);padding-left:var(--wp--preset--spacing--30)\">\n<div class=\"wp-block-group alignwide is-style-ext-preset--group--natural-1--item-card-1--align-start has-tertiary-background-color has-background has-global-padding is-layout-constrained wp-block-group-is-layout-constrained is-style-ext-preset--group--natural-1--item-card-1--align-start--2\">\n<div class=\"wp-block-group alignwide has-global-padding is-layout-constrained wp-container-core-group-is-layout-13255a84 wp-block-group-is-layout-constrained\" style=\"padding-top:var(--wp--preset--spacing--50);padding-bottom:var(--wp--preset--spacing--50)\">\n<div class=\"wp-block-group has-global-padding is-layout-constrained wp-container-core-group-is-layout-066e54c4 wp-block-group-is-layout-constrained\" style=\"margin-bottom:var(--wp--preset--spacing--30);padding-top:0;padding-right:0;padding-bottom:0;padding-left:0\">\n<figure class=\"wp-block-image is-style-rounded ext-animate--on\"><img loading=\"lazy\" decoding=\"async\" width=\"1280\" height=\"1920\" class=\"wp-image-61\" src=\"https:\/\/musicspacelab.com\/wp-content\/uploads\/2026\/03\/ad4a7a9e98786fd01a32e2bb82ad02c6c0f18f7a.jpg\" alt=\"\" style=\"aspect-ratio:1;object-fit:cover\" srcset=\"https:\/\/musicspacelab.com\/wp-content\/uploads\/2026\/03\/ad4a7a9e98786fd01a32e2bb82ad02c6c0f18f7a.jpg 1280w, https:\/\/musicspacelab.com\/wp-content\/uploads\/2026\/03\/ad4a7a9e98786fd01a32e2bb82ad02c6c0f18f7a-200x300.jpg 200w, https:\/\/musicspacelab.com\/wp-content\/uploads\/2026\/03\/ad4a7a9e98786fd01a32e2bb82ad02c6c0f18f7a-683x1024.jpg 683w, https:\/\/musicspacelab.com\/wp-content\/uploads\/2026\/03\/ad4a7a9e98786fd01a32e2bb82ad02c6c0f18f7a-768x1152.jpg 768w, https:\/\/musicspacelab.com\/wp-content\/uploads\/2026\/03\/ad4a7a9e98786fd01a32e2bb82ad02c6c0f18f7a-1024x1536.jpg 1024w\" sizes=\"auto, (max-width: 1280px) 100vw, 1280px\" \/><\/figure>\n<\/div>\n\n\n\n<h2 class=\"wp-block-heading has-text-align-center ext-animate--on has-large-font-size\">Kompozytor i producent muzyczny<\/h2>\n\n\n\n<p class=\"has-text-align-center ext-animate--on\" style=\"margin-top:8px\">Kompozytor i realizator d\u017awi\u0119ku<\/p>\n\n\n\n<p class=\"has-text-align-center ext-animate--on\" style=\"margin-top:16px\">Do\u015bwiadczony tw\u00f3rca muzyki, specjalizuj\u0105cy si\u0119 w produkcji i aran\u017cacji d\u017awi\u0119ku. Posiada szerok\u0105 wiedz\u0119 w zakresie komponowania \u015bcie\u017cek d\u017awi\u0119kowych do film\u00f3w, gier oraz projekt\u00f3w audiowizualnych, dbaj\u0105c o najwy\u017csz\u0105 jako\u015b\u0107 i oryginalno\u015b\u0107 ka\u017cdej produkcji.<\/p>\n\n\n\n<ul class=\"wp-block-social-links has-normal-icon-size has-icon-color is-style-logos-only ext-animate--on is-content-justification-center is-layout-flex wp-container-core-social-links-is-layout-cc9baff1 wp-block-social-links-is-layout-flex\" style=\"margin-top:var(--wp--preset--spacing--30)\"><li style=\"color:#0B0620;\" class=\"wp-social-link wp-social-link-linkedin has-foreground-color wp-block-social-link\"><a href=\"#\" class=\"wp-block-social-link-anchor\"><svg width=\"24\" height=\"24\" viewbox=\"0 0 24 24\" version=\"1.1\" xmlns=\"http:\/\/www.w3.org\/2000\/svg\" aria-hidden=\"true\" focusable=\"false\"><path d=\"M19.7,3H4.3C3.582,3,3,3.582,3,4.3v15.4C3,20.418,3.582,21,4.3,21h15.4c0.718,0,1.3-0.582,1.3-1.3V4.3 C21,3.582,20.418,3,19.7,3z M8.339,18.338H5.667v-8.59h2.672V18.338z M7.004,8.574c-0.857,0-1.549-0.694-1.549-1.548 c0-0.855,0.691-1.548,1.549-1.548c0.854,0,1.547,0.694,1.547,1.548C8.551,7.881,7.858,8.574,7.004,8.574z M18.339,18.338h-2.669 v-4.177c0-0.996-0.017-2.278-1.387-2.278c-1.389,0-1.601,1.086-1.601,2.206v4.249h-2.667v-8.59h2.559v1.174h0.037 c0.356-0.675,1.227-1.387,2.526-1.387c2.703,0,3.203,1.779,3.203,4.092V18.338z\"><\/path><\/svg><span class=\"wp-block-social-link-label screen-reader-text\">LinkedIn<\/span><\/a><\/li>\n\n<li style=\"color:#0B0620;\" class=\"wp-social-link wp-social-link-x has-foreground-color wp-block-social-link\"><a href=\"#\" class=\"wp-block-social-link-anchor\"><svg width=\"24\" height=\"24\" viewbox=\"0 0 24 24\" version=\"1.1\" xmlns=\"http:\/\/www.w3.org\/2000\/svg\" aria-hidden=\"true\" focusable=\"false\"><path d=\"M13.982 10.622 20.54 3h-1.554l-5.693 6.618L8.745 3H3.5l6.876 10.007L3.5 21h1.554l6.012-6.989L15.868 21h5.245l-7.131-10.378Zm-2.128 2.474-.697-.997-5.543-7.93H8l4.474 6.4.697.996 5.815 8.318h-2.387l-4.745-6.787Z\" \/><\/svg><span class=\"wp-block-social-link-label screen-reader-text\">X<\/span><\/a><\/li>\n\n<li style=\"color:#0B0620;\" class=\"wp-social-link wp-social-link-dribbble has-foreground-color wp-block-social-link\"><a href=\"#\" class=\"wp-block-social-link-anchor\"><svg width=\"24\" height=\"24\" viewbox=\"0 0 24 24\" version=\"1.1\" xmlns=\"http:\/\/www.w3.org\/2000\/svg\" aria-hidden=\"true\" focusable=\"false\"><path d=\"M12,22C6.486,22,2,17.514,2,12S6.486,2,12,2c5.514,0,10,4.486,10,10S17.514,22,12,22z M20.434,13.369 c-0.292-0.092-2.644-0.794-5.32-0.365c1.117,3.07,1.572,5.57,1.659,6.09C18.689,17.798,20.053,15.745,20.434,13.369z M15.336,19.876c-0.127-0.749-0.623-3.361-1.822-6.477c-0.019,0.006-0.038,0.013-0.056,0.019c-4.818,1.679-6.547,5.02-6.701,5.334 c1.448,1.129,3.268,1.803,5.243,1.803C13.183,20.555,14.311,20.313,15.336,19.876z M5.654,17.724 c0.193-0.331,2.538-4.213,6.943-5.637c0.111-0.036,0.224-0.07,0.337-0.102c-0.214-0.485-0.448-0.971-0.692-1.45 c-4.266,1.277-8.405,1.223-8.778,1.216c-0.003,0.087-0.004,0.174-0.004,0.261C3.458,14.207,4.29,16.21,5.654,17.724z M3.639,10.264 c0.382,0.005,3.901,0.02,7.897-1.041c-1.415-2.516-2.942-4.631-3.167-4.94C5.979,5.41,4.193,7.613,3.639,10.264z M9.998,3.709 c0.236,0.316,1.787,2.429,3.187,5c3.037-1.138,4.323-2.867,4.477-3.085C16.154,4.286,14.17,3.471,12,3.471 C11.311,3.471,10.641,3.554,9.998,3.709z M18.612,6.612C18.432,6.855,17,8.69,13.842,9.979c0.199,0.407,0.389,0.821,0.567,1.237 c0.063,0.148,0.124,0.295,0.184,0.441c2.842-0.357,5.666,0.215,5.948,0.275C20.522,9.916,19.801,8.065,18.612,6.612z\"><\/path><\/svg><span class=\"wp-block-social-link-label screen-reader-text\">Dribbble<\/span><\/a><\/li><\/ul>\n<\/div>\n<\/div>\n<\/div>\n\n<div class=\"wp-block-group alignfull is-style-ext-preset--group--natural-1--section has-tertiary-background-color has-background has-global-padding is-layout-constrained wp-container-core-group-is-layout-f72f1611 wp-block-group-is-layout-constrained is-style-ext-preset--group--natural-1--section--3\" id=\"gallery\" style=\"margin-top:0;margin-bottom:0;padding-top:var(--wp--preset--spacing--70);padding-bottom:var(--wp--preset--spacing--70)\">\n<div class=\"wp-block-group alignwide ext-is-logical-start has-global-padding is-content-justification-left is-layout-constrained wp-container-core-group-is-layout-6729bdbe wp-block-group-is-layout-constrained\">\n<h2 class=\"wp-block-heading ext-animate--on\">Innowacyjne metody tworzenia d\u017awi\u0119ku<\/h2>\n\n\n\n<p class=\"has-text-align-left ext-animate--on\">Tutaj znajdziesz wyselekcjonowane prace pokazuj\u0105ce charakter i unikalno\u015b\u0107 projekt\u00f3w muzycznych.<\/p>\n<\/div>\n\n\n\n<div class=\"wp-block-columns alignwide is-layout-flex wp-container-core-columns-is-layout-87beb0d0 wp-block-columns-is-layout-flex\">\n<div class=\"wp-block-column is-vertically-aligned-stretch ext-animate--on is-layout-flow wp-container-core-column-is-layout-f5bb311e wp-block-column-is-layout-flow\" style=\"flex-basis:50%\">\n<div class=\"wp-block-cover is-style-ext-preset--image--natural-1--image-1--content-top is-style-ext-preset--image--natural-1--image-1--content-top--4\" style=\"padding-top:0;padding-bottom:0;min-height:100%;aspect-ratio:unset;\"><img loading=\"lazy\" decoding=\"async\" width=\"960\" height=\"1440\" class=\"wp-block-cover__image-background wp-image-50\" alt=\"\" src=\"https:\/\/musicspacelab.com\/wp-content\/uploads\/2026\/03\/bb1f959b9862889093d67d767ddcfda76d6b4baa.jpg\" data-object-fit=\"cover\" srcset=\"https:\/\/musicspacelab.com\/wp-content\/uploads\/2026\/03\/bb1f959b9862889093d67d767ddcfda76d6b4baa.jpg 960w, https:\/\/musicspacelab.com\/wp-content\/uploads\/2026\/03\/bb1f959b9862889093d67d767ddcfda76d6b4baa-200x300.jpg 200w, https:\/\/musicspacelab.com\/wp-content\/uploads\/2026\/03\/bb1f959b9862889093d67d767ddcfda76d6b4baa-683x1024.jpg 683w, https:\/\/musicspacelab.com\/wp-content\/uploads\/2026\/03\/bb1f959b9862889093d67d767ddcfda76d6b4baa-768x1152.jpg 768w\" sizes=\"auto, (max-width: 960px) 100vw, 960px\" \/><span aria-hidden=\"true\" class=\"wp-block-cover__background has-background-dim-0 has-background-dim\"><\/span><div class=\"wp-block-cover__inner-container is-layout-flow wp-block-cover-is-layout-flow\">\n<div style=\"height:240px\" aria-hidden=\"true\" class=\"wp-block-spacer\"><\/div>\n<\/div><\/div>\n<\/div>\n\n\n\n<div class=\"wp-block-column is-vertically-aligned-top ext-animate--on is-layout-flow wp-container-core-column-is-layout-f5bb311e wp-block-column-is-layout-flow\">\n<figure class=\"wp-block-image is-style-ext-preset--image--natural-1--image-1--content-top is-style-ext-preset--image--natural-1--image-1--content-top--5\"><img loading=\"lazy\" decoding=\"async\" width=\"810\" height=\"1440\" class=\"wp-image-56\" src=\"https:\/\/musicspacelab.com\/wp-content\/uploads\/2026\/03\/5fff15db5c01d8ae15a2c3ba557b3d16debc0116.jpg\" alt=\"\" style=\"aspect-ratio:1;object-fit:cover\" srcset=\"https:\/\/musicspacelab.com\/wp-content\/uploads\/2026\/03\/5fff15db5c01d8ae15a2c3ba557b3d16debc0116.jpg 810w, https:\/\/musicspacelab.com\/wp-content\/uploads\/2026\/03\/5fff15db5c01d8ae15a2c3ba557b3d16debc0116-169x300.jpg 169w, https:\/\/musicspacelab.com\/wp-content\/uploads\/2026\/03\/5fff15db5c01d8ae15a2c3ba557b3d16debc0116-576x1024.jpg 576w, https:\/\/musicspacelab.com\/wp-content\/uploads\/2026\/03\/5fff15db5c01d8ae15a2c3ba557b3d16debc0116-768x1365.jpg 768w\" sizes=\"auto, (max-width: 810px) 100vw, 810px\" \/><\/figure>\n\n\n\n<figure class=\"wp-block-image is-style-ext-preset--image--natural-1--image-1--content-top is-style-ext-preset--image--natural-1--image-1--content-top--6\"><img loading=\"lazy\" decoding=\"async\" width=\"960\" height=\"1440\" class=\"wp-image-57\" src=\"https:\/\/musicspacelab.com\/wp-content\/uploads\/2026\/03\/c8e9e7b7fab9f9baaa1a185f789d43ba9a6c76fc.jpg\" alt=\"\" style=\"aspect-ratio:1;object-fit:cover\" srcset=\"https:\/\/musicspacelab.com\/wp-content\/uploads\/2026\/03\/c8e9e7b7fab9f9baaa1a185f789d43ba9a6c76fc.jpg 960w, https:\/\/musicspacelab.com\/wp-content\/uploads\/2026\/03\/c8e9e7b7fab9f9baaa1a185f789d43ba9a6c76fc-200x300.jpg 200w, https:\/\/musicspacelab.com\/wp-content\/uploads\/2026\/03\/c8e9e7b7fab9f9baaa1a185f789d43ba9a6c76fc-683x1024.jpg 683w, https:\/\/musicspacelab.com\/wp-content\/uploads\/2026\/03\/c8e9e7b7fab9f9baaa1a185f789d43ba9a6c76fc-768x1152.jpg 768w\" sizes=\"auto, (max-width: 960px) 100vw, 960px\" \/><\/figure>\n<\/div>\n\n\n\n<div class=\"wp-block-column is-vertically-aligned-top ext-animate--on is-layout-flow wp-container-core-column-is-layout-f5bb311e wp-block-column-is-layout-flow\">\n<figure class=\"wp-block-image is-style-ext-preset--image--natural-1--image-1--content-top is-style-ext-preset--image--natural-1--image-1--content-top--7\"><img loading=\"lazy\" decoding=\"async\" width=\"1440\" height=\"960\" class=\"wp-image-58\" src=\"https:\/\/musicspacelab.com\/wp-content\/uploads\/2026\/03\/bed107ad697b4677ca758ab6cf136a0c9882e6cc.jpg\" alt=\"\" style=\"aspect-ratio:1;object-fit:cover\" srcset=\"https:\/\/musicspacelab.com\/wp-content\/uploads\/2026\/03\/bed107ad697b4677ca758ab6cf136a0c9882e6cc.jpg 1440w, https:\/\/musicspacelab.com\/wp-content\/uploads\/2026\/03\/bed107ad697b4677ca758ab6cf136a0c9882e6cc-300x200.jpg 300w, https:\/\/musicspacelab.com\/wp-content\/uploads\/2026\/03\/bed107ad697b4677ca758ab6cf136a0c9882e6cc-1024x683.jpg 1024w, https:\/\/musicspacelab.com\/wp-content\/uploads\/2026\/03\/bed107ad697b4677ca758ab6cf136a0c9882e6cc-768x512.jpg 768w\" sizes=\"auto, (max-width: 1440px) 100vw, 1440px\" \/><\/figure>\n\n\n\n<figure class=\"wp-block-image is-style-ext-preset--image--natural-1--image-1--content-top is-style-ext-preset--image--natural-1--image-1--content-top--8\"><img loading=\"lazy\" decoding=\"async\" width=\"1440\" height=\"954\" class=\"wp-image-59\" src=\"https:\/\/musicspacelab.com\/wp-content\/uploads\/2026\/03\/320d80c5d847a71012c000fe1d5538ffa2d662ae.jpg\" alt=\"\" style=\"aspect-ratio:1;object-fit:cover\" srcset=\"https:\/\/musicspacelab.com\/wp-content\/uploads\/2026\/03\/320d80c5d847a71012c000fe1d5538ffa2d662ae.jpg 1440w, https:\/\/musicspacelab.com\/wp-content\/uploads\/2026\/03\/320d80c5d847a71012c000fe1d5538ffa2d662ae-300x199.jpg 300w, https:\/\/musicspacelab.com\/wp-content\/uploads\/2026\/03\/320d80c5d847a71012c000fe1d5538ffa2d662ae-1024x678.jpg 1024w, https:\/\/musicspacelab.com\/wp-content\/uploads\/2026\/03\/320d80c5d847a71012c000fe1d5538ffa2d662ae-768x509.jpg 768w\" sizes=\"auto, (max-width: 1440px) 100vw, 1440px\" \/><\/figure>\n<\/div>\n<\/div>\n<\/div>\n\n<div class=\"wp-block-group alignfull is-style-ext-preset--group--natural-1--section has-background-background-color has-background has-global-padding is-layout-constrained wp-container-core-group-is-layout-e955bbaf wp-block-group-is-layout-constrained is-style-ext-preset--group--natural-1--section--9\" style=\"margin-top:0;margin-bottom:0;padding-top:var(--wp--preset--spacing--70);padding-bottom:var(--wp--preset--spacing--70)\">\n<div class=\"wp-block-group alignwide ext-is-logical-start has-global-padding is-content-justification-left is-layout-constrained wp-container-core-group-is-layout-20186816 wp-block-group-is-layout-constrained\">\n<h2 class=\"wp-block-heading has-text-align-left ext-animate--on\">Portfolio projekt\u00f3w muzycznych i produkcji<\/h2>\n\n\n\n<p class=\"has-text-align-left ext-animate--on\" style=\"margin-top:1.5rem\">Odkryj nasze wydawnictwa, kompozycje i unikalne projekty muzyczne, kt\u00f3re przenios\u0105 Ci\u0119 w \u015bwiat d\u017awi\u0119k\u00f3w.<\/p>\n<\/div>\n\n\n\n<div class=\"wp-block-columns alignwide is-layout-flex wp-container-core-columns-is-layout-28f84493 wp-block-columns-is-layout-flex\">\n<div class=\"wp-block-column is-vertically-aligned-stretch ext-animate--on is-layout-flow wp-block-column-is-layout-flow\">\n<div class=\"wp-block-group is-style-ext-preset--group--natural-1--item-card-1--align-start has-tertiary-background-color has-background is-vertical is-content-justification-stretch is-layout-flex wp-container-core-group-is-layout-4cb539e6 wp-block-group-is-layout-flex is-style-ext-preset--group--natural-1--item-card-1--align-start--10\" style=\"min-height:100%;padding-top:0;padding-right:0;padding-bottom:0;padding-left:0\">\n<figure class=\"wp-block-image\"><img loading=\"lazy\" decoding=\"async\" width=\"1440\" height=\"960\" class=\"wp-image-58\" src=\"https:\/\/musicspacelab.com\/wp-content\/uploads\/2026\/03\/bed107ad697b4677ca758ab6cf136a0c9882e6cc.jpg\" alt=\"\" style=\"aspect-ratio:1;object-fit:cover\" srcset=\"https:\/\/musicspacelab.com\/wp-content\/uploads\/2026\/03\/bed107ad697b4677ca758ab6cf136a0c9882e6cc.jpg 1440w, https:\/\/musicspacelab.com\/wp-content\/uploads\/2026\/03\/bed107ad697b4677ca758ab6cf136a0c9882e6cc-300x200.jpg 300w, https:\/\/musicspacelab.com\/wp-content\/uploads\/2026\/03\/bed107ad697b4677ca758ab6cf136a0c9882e6cc-1024x683.jpg 1024w, https:\/\/musicspacelab.com\/wp-content\/uploads\/2026\/03\/bed107ad697b4677ca758ab6cf136a0c9882e6cc-768x512.jpg 768w\" sizes=\"auto, (max-width: 1440px) 100vw, 1440px\" \/><\/figure>\n\n\n\n<div class=\"wp-block-group is-style-default wp-container-content-9cfa9a5a is-vertical is-content-justification-stretch is-layout-flex wp-container-core-group-is-layout-d1099038 wp-block-group-is-layout-flex\" style=\"margin-top:0;padding-top:1.5rem;padding-right:1.5rem;padding-bottom:1.5rem;padding-left:1.5rem\">\n<div class=\"wp-block-columns is-not-stacked-on-mobile is-layout-flex wp-container-core-columns-is-layout-ea69a204 wp-block-columns-is-layout-flex\">\n<div class=\"wp-block-column is-layout-flow wp-block-column-is-layout-flow\" style=\"flex-basis:66.66%\">\n<h3 class=\"wp-block-heading has-medium-font-size\">Album &#8220;Kosmos D\u017awi\u0119ku&#8221;<\/h3>\n\n\n\n<p style=\"margin-top:4px;margin-bottom:0;font-size:14px\">Albumy i wydawnictwa<\/p>\n<\/div>\n\n\n\n<div class=\"wp-block-column is-layout-flow wp-block-column-is-layout-flow\" style=\"flex-basis:33.33%\">\n<h3 class=\"wp-block-heading has-text-align-right\" style=\"font-size:clamp(14px, 0.875rem + ((1vw - 3.2px) * 0.625), 20px);\">39,99 PLN<\/h3>\n<\/div>\n<\/div>\n<\/div>\n<\/div>\n<\/div>\n\n\n\n<div class=\"wp-block-column is-vertically-aligned-stretch ext-animate--on is-layout-flow wp-block-column-is-layout-flow\">\n<div class=\"wp-block-group is-style-ext-preset--group--natural-1--item-card-1--align-start has-tertiary-background-color has-background is-vertical is-content-justification-stretch is-layout-flex wp-container-core-group-is-layout-4cb539e6 wp-block-group-is-layout-flex is-style-ext-preset--group--natural-1--item-card-1--align-start--11\" style=\"min-height:100%;padding-top:0;padding-right:0;padding-bottom:0;padding-left:0\">\n<figure class=\"wp-block-image\"><img loading=\"lazy\" decoding=\"async\" width=\"1440\" height=\"960\" class=\"wp-image-62\" src=\"https:\/\/musicspacelab.com\/wp-content\/uploads\/2026\/03\/307d3fc6dc15b4855d28dc08634fd984ddc53e5e.jpg\" alt=\"\" style=\"aspect-ratio:1;object-fit:cover\" srcset=\"https:\/\/musicspacelab.com\/wp-content\/uploads\/2026\/03\/307d3fc6dc15b4855d28dc08634fd984ddc53e5e.jpg 1440w, https:\/\/musicspacelab.com\/wp-content\/uploads\/2026\/03\/307d3fc6dc15b4855d28dc08634fd984ddc53e5e-300x200.jpg 300w, https:\/\/musicspacelab.com\/wp-content\/uploads\/2026\/03\/307d3fc6dc15b4855d28dc08634fd984ddc53e5e-1024x683.jpg 1024w, https:\/\/musicspacelab.com\/wp-content\/uploads\/2026\/03\/307d3fc6dc15b4855d28dc08634fd984ddc53e5e-768x512.jpg 768w\" sizes=\"auto, (max-width: 1440px) 100vw, 1440px\" \/><\/figure>\n\n\n\n<div class=\"wp-block-group is-style-default wp-container-content-9cfa9a5a is-vertical is-content-justification-stretch is-layout-flex wp-container-core-group-is-layout-d1099038 wp-block-group-is-layout-flex\" style=\"margin-top:0;padding-top:1.5rem;padding-right:1.5rem;padding-bottom:1.5rem;padding-left:1.5rem\">\n<div class=\"wp-block-columns is-not-stacked-on-mobile is-layout-flex wp-container-core-columns-is-layout-ea69a204 wp-block-columns-is-layout-flex\">\n<div class=\"wp-block-column is-layout-flow wp-block-column-is-layout-flow\" style=\"flex-basis:66.66%\">\n<h3 class=\"wp-block-heading has-medium-font-size\">Ksi\u0105\u017cka &#8220;Teoria muzyki w praktyce&#8221;<\/h3>\n\n\n\n<p style=\"margin-top:4px;margin-bottom:0;font-size:14px\">Publikacje i materia\u0142y edukacyjne<\/p>\n<\/div>\n\n\n\n<div class=\"wp-block-column is-layout-flow wp-block-column-is-layout-flow\" style=\"flex-basis:33.33%\">\n<h3 class=\"wp-block-heading has-text-align-right\" style=\"font-size:clamp(14px, 0.875rem + ((1vw - 3.2px) * 0.625), 20px);\">59,99 PLN<\/h3>\n<\/div>\n<\/div>\n<\/div>\n<\/div>\n<\/div>\n\n\n\n<div class=\"wp-block-column is-vertically-aligned-stretch ext-animate--on is-layout-flow wp-block-column-is-layout-flow\">\n<div class=\"wp-block-group is-style-ext-preset--group--natural-1--item-card-1--align-start has-tertiary-background-color has-background is-vertical is-content-justification-stretch is-layout-flex wp-container-core-group-is-layout-4cb539e6 wp-block-group-is-layout-flex is-style-ext-preset--group--natural-1--item-card-1--align-start--12\" style=\"min-height:100%;padding-top:0;padding-right:0;padding-bottom:0;padding-left:0\">\n<figure class=\"wp-block-image\"><img loading=\"lazy\" decoding=\"async\" width=\"1440\" height=\"960\" class=\"wp-image-63\" src=\"https:\/\/musicspacelab.com\/wp-content\/uploads\/2026\/03\/80bca19c23c8a89dce4ad3c06bda078f8026c050.jpg\" alt=\"\" style=\"aspect-ratio:1;object-fit:cover\" srcset=\"https:\/\/musicspacelab.com\/wp-content\/uploads\/2026\/03\/80bca19c23c8a89dce4ad3c06bda078f8026c050.jpg 1440w, https:\/\/musicspacelab.com\/wp-content\/uploads\/2026\/03\/80bca19c23c8a89dce4ad3c06bda078f8026c050-300x200.jpg 300w, https:\/\/musicspacelab.com\/wp-content\/uploads\/2026\/03\/80bca19c23c8a89dce4ad3c06bda078f8026c050-1024x683.jpg 1024w, https:\/\/musicspacelab.com\/wp-content\/uploads\/2026\/03\/80bca19c23c8a89dce4ad3c06bda078f8026c050-768x512.jpg 768w\" sizes=\"auto, (max-width: 1440px) 100vw, 1440px\" \/><\/figure>\n\n\n\n<div class=\"wp-block-group is-style-default wp-container-content-9cfa9a5a is-vertical is-content-justification-stretch is-layout-flex wp-container-core-group-is-layout-2f2da33a wp-block-group-is-layout-flex\" style=\"margin-top:0;padding-top:1.5rem;padding-right:1.5rem;padding-bottom:1.5rem;padding-left:1.5rem\">\n<div class=\"wp-block-columns is-not-stacked-on-mobile is-layout-flex wp-container-core-columns-is-layout-ea69a204 wp-block-columns-is-layout-flex\">\n<div class=\"wp-block-column is-layout-flow wp-block-column-is-layout-flow\" style=\"flex-basis:66.66%\">\n<h3 class=\"wp-block-heading has-medium-font-size\">Pakiet efekt\u00f3w d\u017awi\u0119kowych<\/h3>\n\n\n\n<p style=\"margin-top:4px;margin-bottom:0;font-size:14px\">Materia\u0142y do produkcji<\/p>\n<\/div>\n\n\n\n<div class=\"wp-block-column is-layout-flow wp-block-column-is-layout-flow\" style=\"flex-basis:33.33%\">\n<h3 class=\"wp-block-heading has-text-align-right\" style=\"font-size:clamp(14px, 0.875rem + ((1vw - 3.2px) * 0.625), 20px);\">79,99 PLN<\/h3>\n<\/div>\n<\/div>\n<\/div>\n<\/div>\n<\/div>\n<\/div>\n<\/div>","protected":false},"excerpt":{"rendered":"<p>Kompozytor i producent muzyczny Kompozytor i realizator d\u017awi\u0119ku Do\u015bwiadczony tw\u00f3rca muzyki, specjalizuj\u0105cy si\u0119 w produkcji i aran\u017cacji d\u017awi\u0119ku. Posiada szerok\u0105 wiedz\u0119 w zakresie komponowania \u015bcie\u017cek d\u017awi\u0119kowych do film\u00f3w, gier oraz projekt\u00f3w audiowizualnych, dbaj\u0105c o najwy\u017csz\u0105 jako\u015b\u0107 i oryginalno\u015b\u0107 ka\u017cdej produkcji. Innowacyjne metody tworzenia d\u017awi\u0119ku Tutaj znajdziesz wyselekcjonowane prace pokazuj\u0105ce charakter i unikalno\u015b\u0107 projekt\u00f3w muzycznych. Portfolio [&hellip;]<\/p>\n","protected":false},"author":1,"featured_media":0,"parent":0,"menu_order":0,"comment_status":"closed","ping_status":"closed","template":"page-with-title","meta":{"footnotes":""},"class_list":["post-39","page","type-page","status-publish","hentry"],"_links":{"self":[{"href":"https:\/\/musicspacelab.com\/pl\/wp-json\/wp\/v2\/pages\/39","targetHints":{"allow":["GET"]}}],"collection":[{"href":"https:\/\/musicspacelab.com\/pl\/wp-json\/wp\/v2\/pages"}],"about":[{"href":"https:\/\/musicspacelab.com\/pl\/wp-json\/wp\/v2\/types\/page"}],"author":[{"embeddable":true,"href":"https:\/\/musicspacelab.com\/pl\/wp-json\/wp\/v2\/users\/1"}],"replies":[{"embeddable":true,"href":"https:\/\/musicspacelab.com\/pl\/wp-json\/wp\/v2\/comments?post=39"}],"version-history":[{"count":1,"href":"https:\/\/musicspacelab.com\/pl\/wp-json\/wp\/v2\/pages\/39\/revisions"}],"predecessor-version":[{"id":64,"href":"https:\/\/musicspacelab.com\/pl\/wp-json\/wp\/v2\/pages\/39\/revisions\/64"}],"wp:attachment":[{"href":"https:\/\/musicspacelab.com\/pl\/wp-json\/wp\/v2\/media?parent=39"}],"curies":[{"name":"wp","href":"https:\/\/api.w.org\/{rel}","templated":true}]}}