{"id":37,"date":"2026-03-16T10:53:50","date_gmt":"2026-03-16T10:53:50","guid":{"rendered":"https:\/\/musicspacelab.com\/kontakt\/"},"modified":"2026-03-16T11:33:28","modified_gmt":"2026-03-16T11:33:28","slug":"kontakt","status":"publish","type":"page","link":"https:\/\/musicspacelab.com\/pl\/kontakt\/","title":{"rendered":"Kontakt"},"content":{"rendered":"\n<div class=\"wp-block-group alignfull is-style-ext-preset--group--natural-1--section ext-animate--off has-background-background-color has-background has-global-padding is-layout-constrained wp-block-group-is-layout-constrained is-style-ext-preset--group--natural-1--section--1\" id=\"contact\" style=\"margin-top:0;margin-bottom:0;padding-top:var(--wp--preset--spacing--70);padding-bottom:var(--wp--preset--spacing--70)\">\n<div class=\"wp-block-media-text alignwide has-media-on-the-right is-stacked-on-mobile is-image-fill-element is-style-ext-preset--media-text--natural-1--card-1 ext-animate--on has-tertiary-background-color has-background is-style-ext-preset--media-text--natural-1--card-1--2\" style=\"grid-template-columns:auto 48%\"><div class=\"wp-block-media-text__content\">\n<div class=\"wp-block-group alignwide ext-animate--off has-global-padding is-layout-constrained wp-container-core-group-is-layout-48493932 wp-block-group-is-layout-constrained\" style=\"padding-top:var(--wp--preset--spacing--55);padding-right:var(--wp--preset--spacing--55);padding-bottom:var(--wp--preset--spacing--55);padding-left:var(--wp--preset--spacing--55)\"><div class=\"wpforms-container wpforms-block wpforms-block-406c62bf-d413-4f54-9e34-6ea96a36e1dd wpforms-render-modern\" id=\"wpforms-34\"><form id=\"wpforms-form-34\" class=\"wpforms-validate wpforms-form wpforms-ajax-form\" data-formid=\"34\" method=\"post\" enctype=\"multipart\/form-data\" action=\"\/pl\/wp-json\/wp\/v2\/pages\/37\" data-token=\"145ad197775bf2150801bc445190d2c0\" data-token-time=\"1776154428\"><noscript class=\"wpforms-error-noscript\">Aby wype\u0142ni\u0107 ten formularz, w\u0142\u0105cz obs\u0142ug\u0119 JavaScript w przegl\u0105darce.<\/noscript><div id=\"wpforms-error-noscript\" style=\"display: none;\">Aby wype\u0142ni\u0107 ten formularz, w\u0142\u0105cz obs\u0142ug\u0119 JavaScript w przegl\u0105darce.<\/div><div class=\"wpforms-field-container\"><div id=\"wpforms-34-field_1-container\" class=\"wpforms-field wpforms-field-name\" data-field-id=\"1\"><label class=\"wpforms-field-label\" for=\"wpforms-34-field_1\">Nazwa <span class=\"wpforms-required-label\" aria-hidden=\"true\">*<\/span><\/label><input type=\"text\" id=\"wpforms-34-field_1\" class=\"wpforms-field-large wpforms-field-required\" name=\"wpforms[fields][1]\" aria-errormessage=\"wpforms-34-field_1-error\" required><\/div>\t\t<div id=\"wpforms-34-field_5-container\"\n\t\t\tclass=\"wpforms-field wpforms-field-text\"\n\t\t\tdata-field-type=\"text\"\n\t\t\tdata-field-id=\"5\"\n\t\t\t>\n\t\t\t<label class=\"wpforms-field-label\" for=\"wpforms-34-field_5\" >Temat Wiadomo\u015b\u0107 Nazwa<\/label>\n\t\t\t<input type=\"text\" id=\"wpforms-34-field_5\" class=\"wpforms-field-medium\" name=\"wpforms[fields][5]\" >\n\t\t<\/div>\n\t\t<div id=\"wpforms-34-field_2-container\" class=\"wpforms-field wpforms-field-email\" data-field-id=\"2\"><label class=\"wpforms-field-label\" for=\"wpforms-34-field_2\">E-mail <span class=\"wpforms-required-label\" aria-hidden=\"true\">*<\/span><\/label><input type=\"email\" id=\"wpforms-34-field_2\" class=\"wpforms-field-large wpforms-field-required\" name=\"wpforms[fields][2]\" spellcheck=\"false\" aria-errormessage=\"wpforms-34-field_2-error\" required><\/div><div id=\"wpforms-34-field_3-container\" class=\"wpforms-field wpforms-field-text\" data-field-id=\"3\"><label class=\"wpforms-field-label\" for=\"wpforms-34-field_3\">Temat<\/label><input type=\"text\" id=\"wpforms-34-field_3\" class=\"wpforms-field-large\" name=\"wpforms[fields][3]\" aria-errormessage=\"wpforms-34-field_3-error\" ><\/div><div id=\"wpforms-34-field_4-container\" class=\"wpforms-field wpforms-field-textarea\" data-field-id=\"4\"><label class=\"wpforms-field-label\" for=\"wpforms-34-field_4\">Wiadomo\u015b\u0107 <span class=\"wpforms-required-label\" aria-hidden=\"true\">*<\/span><\/label><textarea id=\"wpforms-34-field_4\" class=\"wpforms-field-large wpforms-field-required\" name=\"wpforms[fields][4]\" aria-errormessage=\"wpforms-34-field_4-error\" required><\/textarea><\/div><script>\n\t\t\t\t( function() {\n\t\t\t\t\tconst style = document.createElement( 'style' );\n\t\t\t\t\tstyle.appendChild( document.createTextNode( '#wpforms-34-field_5-container { position: absolute !important; overflow: hidden !important; display: inline !important; height: 1px !important; width: 1px !important; z-index: -1000 !important; padding: 0 !important; } #wpforms-34-field_5-container input { visibility: hidden; } #wpforms-conversational-form-page #wpforms-34-field_5-container label { counter-increment: none; }' ) );\n\t\t\t\t\tdocument.head.appendChild( style );\n\t\t\t\t\tdocument.currentScript?.remove();\n\t\t\t\t} )();\n\t\t\t<\/script><\/div><!-- .wpforms-field-container --><div class=\"wpforms-submit-container\" ><input type=\"hidden\" name=\"wpforms[id]\" value=\"34\"><input type=\"hidden\" name=\"page_title\" value=\"\"><input type=\"hidden\" name=\"page_url\" value=\"https:\/\/musicspacelab.com\/pl\/wp-json\/wp\/v2\/pages\/37\"><input type=\"hidden\" name=\"url_referer\" value=\"\"><button type=\"submit\" name=\"wpforms[submit]\" id=\"wpforms-submit-34\" class=\"wpforms-submit\" data-alt-text=\"Wysy\u0142anie...\" data-submit-text=\"Prze\u015blij\" aria-live=\"assertive\" value=\"wpforms-submit\">Prze\u015blij<\/button><img loading=\"lazy\" decoding=\"async\" src=\"https:\/\/musicspacelab.com\/wp-content\/plugins\/wpforms-lite\/assets\/images\/submit-spin.svg\" class=\"wpforms-submit-spinner\" style=\"display: none;\" width=\"26\" height=\"26\" alt=\"Wczytywanie\"><\/div><\/form><\/div>  <!-- .wpforms-container --><\/div>\n<\/div><figure class=\"wp-block-media-text__media\"><img loading=\"lazy\" decoding=\"async\" width=\"960\" height=\"1440\" class=\"wp-image-54 size-full\" src=\"https:\/\/musicspacelab.com\/wp-content\/uploads\/2026\/03\/5b747fb3e1f345a8bc68817dceab94752836bd09.jpg\" alt=\"\" style=\"object-position:50% 50%\" srcset=\"https:\/\/musicspacelab.com\/wp-content\/uploads\/2026\/03\/5b747fb3e1f345a8bc68817dceab94752836bd09.jpg 960w, https:\/\/musicspacelab.com\/wp-content\/uploads\/2026\/03\/5b747fb3e1f345a8bc68817dceab94752836bd09-200x300.jpg 200w, https:\/\/musicspacelab.com\/wp-content\/uploads\/2026\/03\/5b747fb3e1f345a8bc68817dceab94752836bd09-683x1024.jpg 683w, https:\/\/musicspacelab.com\/wp-content\/uploads\/2026\/03\/5b747fb3e1f345a8bc68817dceab94752836bd09-768x1152.jpg 768w\" sizes=\"auto, (max-width: 960px) 100vw, 960px\" \/><\/figure><\/div>\n<\/div>\n","protected":false},"excerpt":{"rendered":"","protected":false},"author":1,"featured_media":0,"parent":0,"menu_order":0,"comment_status":"closed","ping_status":"closed","template":"page-with-title","meta":{"footnotes":""},"class_list":["post-37","page","type-page","status-publish","hentry"],"_links":{"self":[{"href":"https:\/\/musicspacelab.com\/pl\/wp-json\/wp\/v2\/pages\/37","targetHints":{"allow":["GET"]}}],"collection":[{"href":"https:\/\/musicspacelab.com\/pl\/wp-json\/wp\/v2\/pages"}],"about":[{"href":"https:\/\/musicspacelab.com\/pl\/wp-json\/wp\/v2\/types\/page"}],"author":[{"embeddable":true,"href":"https:\/\/musicspacelab.com\/pl\/wp-json\/wp\/v2\/users\/1"}],"replies":[{"embeddable":true,"href":"https:\/\/musicspacelab.com\/pl\/wp-json\/wp\/v2\/comments?post=37"}],"version-history":[{"count":1,"href":"https:\/\/musicspacelab.com\/pl\/wp-json\/wp\/v2\/pages\/37\/revisions"}],"predecessor-version":[{"id":55,"href":"https:\/\/musicspacelab.com\/pl\/wp-json\/wp\/v2\/pages\/37\/revisions\/55"}],"wp:attachment":[{"href":"https:\/\/musicspacelab.com\/pl\/wp-json\/wp\/v2\/media?parent=37"}],"curies":[{"name":"wp","href":"https:\/\/api.w.org\/{rel}","templated":true}]}}