{"id":36,"date":"2026-03-16T10:53:49","date_gmt":"2026-03-16T10:53:49","guid":{"rendered":"https:\/\/musicspacelab.com\/o-nas\/"},"modified":"2026-03-16T11:33:27","modified_gmt":"2026-03-16T11:33:27","slug":"o-nas","status":"publish","type":"page","link":"https:\/\/musicspacelab.com\/pl\/o-nas\/","title":{"rendered":"O nas"},"content":{"rendered":"<div class=\"wp-block-group alignfull is-style-ext-preset--group--natural-1--section has-background-background-color has-background has-global-padding is-layout-constrained wp-container-core-group-is-layout-7276a2bb wp-block-group-is-layout-constrained is-style-ext-preset--group--natural-1--section--1\" style=\"margin-top:0;margin-bottom:0;padding-top:var(--wp--preset--spacing--60);padding-right:var(--wp--preset--spacing--30);padding-bottom:var(--wp--preset--spacing--60);padding-left:var(--wp--preset--spacing--30)\">\n<div class=\"wp-block-columns alignwide are-vertically-aligned-center is-layout-flex wp-container-core-columns-is-layout-47c06fe3 wp-block-columns-is-layout-flex\">\n<div class=\"wp-block-column is-vertically-aligned-center is-layout-flow wp-block-column-is-layout-flow\" style=\"flex-basis:60%\">\n<h2 class=\"wp-block-heading ext-animate--on has-large-font-size\">Kompozytor i producent muzyczny<\/h2>\n\n\n\n<p class=\"ext-animate--on\" style=\"margin-top:8px\">Specjalista ds. produkcji d\u017awi\u0119ku<\/p>\n\n\n\n<p class=\"ext-animate--on\" style=\"margin-top:16px\">Do\u015bwiadczony tw\u00f3rca muzyki z pasj\u0105 do \u0142\u0105czenia r\u00f3\u017cnych gatunk\u00f3w i kreowania unikalnych brzmie\u0144. Specjalizuje si\u0119 w komponowaniu i aran\u017cacji muzyki do film\u00f3w, gier oraz reklam, dbaj\u0105c o najwy\u017csz\u0105 jako\u015b\u0107 i oryginalno\u015b\u0107 realizacji.<\/p>\n\n\n\n<ul class=\"wp-block-social-links has-normal-icon-size has-icon-color is-style-logos-only ext-animate--on is-layout-flex wp-container-core-social-links-is-layout-ec7a6dbc wp-block-social-links-is-layout-flex\" style=\"margin-top:var(--wp--preset--spacing--30)\"><li style=\"color:#0B0620;\" class=\"wp-social-link wp-social-link-linkedin has-foreground-color wp-block-social-link\"><a href=\"#\" class=\"wp-block-social-link-anchor\"><svg width=\"24\" height=\"24\" viewbox=\"0 0 24 24\" version=\"1.1\" xmlns=\"http:\/\/www.w3.org\/2000\/svg\" aria-hidden=\"true\" focusable=\"false\"><path d=\"M19.7,3H4.3C3.582,3,3,3.582,3,4.3v15.4C3,20.418,3.582,21,4.3,21h15.4c0.718,0,1.3-0.582,1.3-1.3V4.3 C21,3.582,20.418,3,19.7,3z M8.339,18.338H5.667v-8.59h2.672V18.338z M7.004,8.574c-0.857,0-1.549-0.694-1.549-1.548 c0-0.855,0.691-1.548,1.549-1.548c0.854,0,1.547,0.694,1.547,1.548C8.551,7.881,7.858,8.574,7.004,8.574z M18.339,18.338h-2.669 v-4.177c0-0.996-0.017-2.278-1.387-2.278c-1.389,0-1.601,1.086-1.601,2.206v4.249h-2.667v-8.59h2.559v1.174h0.037 c0.356-0.675,1.227-1.387,2.526-1.387c2.703,0,3.203,1.779,3.203,4.092V18.338z\"><\/path><\/svg><span class=\"wp-block-social-link-label screen-reader-text\">LinkedIn<\/span><\/a><\/li>\n\n<li style=\"color:#0B0620;\" class=\"wp-social-link wp-social-link-x has-foreground-color wp-block-social-link\"><a href=\"#\" class=\"wp-block-social-link-anchor\"><svg width=\"24\" height=\"24\" viewbox=\"0 0 24 24\" version=\"1.1\" xmlns=\"http:\/\/www.w3.org\/2000\/svg\" aria-hidden=\"true\" focusable=\"false\"><path d=\"M13.982 10.622 20.54 3h-1.554l-5.693 6.618L8.745 3H3.5l6.876 10.007L3.5 21h1.554l6.012-6.989L15.868 21h5.245l-7.131-10.378Zm-2.128 2.474-.697-.997-5.543-7.93H8l4.474 6.4.697.996 5.815 8.318h-2.387l-4.745-6.787Z\" \/><\/svg><span class=\"wp-block-social-link-label screen-reader-text\">X<\/span><\/a><\/li>\n\n<li style=\"color:#0B0620;\" class=\"wp-social-link wp-social-link-dribbble has-foreground-color wp-block-social-link\"><a href=\"#\" class=\"wp-block-social-link-anchor\"><svg width=\"24\" height=\"24\" viewbox=\"0 0 24 24\" version=\"1.1\" xmlns=\"http:\/\/www.w3.org\/2000\/svg\" aria-hidden=\"true\" focusable=\"false\"><path d=\"M12,22C6.486,22,2,17.514,2,12S6.486,2,12,2c5.514,0,10,4.486,10,10S17.514,22,12,22z M20.434,13.369 c-0.292-0.092-2.644-0.794-5.32-0.365c1.117,3.07,1.572,5.57,1.659,6.09C18.689,17.798,20.053,15.745,20.434,13.369z M15.336,19.876c-0.127-0.749-0.623-3.361-1.822-6.477c-0.019,0.006-0.038,0.013-0.056,0.019c-4.818,1.679-6.547,5.02-6.701,5.334 c1.448,1.129,3.268,1.803,5.243,1.803C13.183,20.555,14.311,20.313,15.336,19.876z M5.654,17.724 c0.193-0.331,2.538-4.213,6.943-5.637c0.111-0.036,0.224-0.07,0.337-0.102c-0.214-0.485-0.448-0.971-0.692-1.45 c-4.266,1.277-8.405,1.223-8.778,1.216c-0.003,0.087-0.004,0.174-0.004,0.261C3.458,14.207,4.29,16.21,5.654,17.724z M3.639,10.264 c0.382,0.005,3.901,0.02,7.897-1.041c-1.415-2.516-2.942-4.631-3.167-4.94C5.979,5.41,4.193,7.613,3.639,10.264z M9.998,3.709 c0.236,0.316,1.787,2.429,3.187,5c3.037-1.138,4.323-2.867,4.477-3.085C16.154,4.286,14.17,3.471,12,3.471 C11.311,3.471,10.641,3.554,9.998,3.709z M18.612,6.612C18.432,6.855,17,8.69,13.842,9.979c0.199,0.407,0.389,0.821,0.567,1.237 c0.063,0.148,0.124,0.295,0.184,0.441c2.842-0.357,5.666,0.215,5.948,0.275C20.522,9.916,19.801,8.065,18.612,6.612z\"><\/path><\/svg><span class=\"wp-block-social-link-label screen-reader-text\">Dribbble<\/span><\/a><\/li><\/ul>\n<\/div>\n\n\n\n<div class=\"wp-block-column is-vertically-aligned-center is-layout-flow wp-container-core-column-is-layout-f5bb311e wp-block-column-is-layout-flow\" style=\"flex-basis:50%\">\n<figure class=\"wp-block-image is-style-ext-preset--image--natural-1--image-1--content-bottom ext-animate--on is-style-ext-preset--image--natural-1--image-1--content-bottom--2\"><img loading=\"lazy\" decoding=\"async\" width=\"1280\" height=\"1828\" class=\"wp-image-49\" src=\"https:\/\/musicspacelab.com\/wp-content\/uploads\/2026\/03\/2b783ce0fcce64ff67550eff598174e761599f21.jpg\" alt=\"\" style=\"aspect-ratio:1;object-fit:cover\" srcset=\"https:\/\/musicspacelab.com\/wp-content\/uploads\/2026\/03\/2b783ce0fcce64ff67550eff598174e761599f21.jpg 1280w, https:\/\/musicspacelab.com\/wp-content\/uploads\/2026\/03\/2b783ce0fcce64ff67550eff598174e761599f21-210x300.jpg 210w, https:\/\/musicspacelab.com\/wp-content\/uploads\/2026\/03\/2b783ce0fcce64ff67550eff598174e761599f21-717x1024.jpg 717w, https:\/\/musicspacelab.com\/wp-content\/uploads\/2026\/03\/2b783ce0fcce64ff67550eff598174e761599f21-768x1097.jpg 768w, https:\/\/musicspacelab.com\/wp-content\/uploads\/2026\/03\/2b783ce0fcce64ff67550eff598174e761599f21-1076x1536.jpg 1076w\" sizes=\"auto, (max-width: 1280px) 100vw, 1280px\" \/><\/figure>\n<\/div>\n<\/div>\n<\/div>\n\n<div class=\"wp-block-group alignfull is-style-ext-preset--group--natural-1--section has-tertiary-background-color has-background has-global-padding is-layout-constrained wp-container-core-group-is-layout-e955bbaf wp-block-group-is-layout-constrained is-style-ext-preset--group--natural-1--section--3\" id=\"features\" style=\"margin-top:0;margin-bottom:0;padding-top:var(--wp--preset--spacing--70);padding-bottom:var(--wp--preset--spacing--70)\">\n<div class=\"wp-block-group alignwide ext-is-logical-start has-global-padding is-content-justification-left is-layout-constrained wp-container-core-group-is-layout-6729bdbe wp-block-group-is-layout-constrained\">\n<h2 class=\"wp-block-heading ext-animate--on\">Tworzenie i produkcja muzyczna od koncepcji po finalny efekt<\/h2>\n\n\n\n<p class=\"has-text-align-left ext-animate--on\">Sekcja prezentuje unikalne atuty i mo\u017cliwo\u015bci, pokazuj\u0105c, co wyr\u00f3\u017cnia Music Space Lab na rynku muzycznym.<\/p>\n<\/div>\n\n\n\n<div class=\"wp-block-columns alignwide ext-animate--on is-layout-flex wp-container-core-columns-is-layout-174606dc wp-block-columns-is-layout-flex\">\n<div class=\"wp-block-column is-vertically-aligned-stretch ext-animate--on is-layout-flow wp-container-core-column-is-layout-119bc444 wp-block-column-is-layout-flow\">\n<div class=\"wp-block-cover is-style-ext-preset--image--natural-1--image-1--content-right is-style-ext-preset--image--natural-1--image-1--content-right--4\" style=\"padding-top:0;padding-bottom:0;min-height:100%;aspect-ratio:unset;\"><img loading=\"lazy\" decoding=\"async\" width=\"960\" height=\"1440\" class=\"wp-block-cover__image-background wp-image-50\" alt=\"\" src=\"https:\/\/musicspacelab.com\/wp-content\/uploads\/2026\/03\/bb1f959b9862889093d67d767ddcfda76d6b4baa.jpg\" data-object-fit=\"cover\" srcset=\"https:\/\/musicspacelab.com\/wp-content\/uploads\/2026\/03\/bb1f959b9862889093d67d767ddcfda76d6b4baa.jpg 960w, https:\/\/musicspacelab.com\/wp-content\/uploads\/2026\/03\/bb1f959b9862889093d67d767ddcfda76d6b4baa-200x300.jpg 200w, https:\/\/musicspacelab.com\/wp-content\/uploads\/2026\/03\/bb1f959b9862889093d67d767ddcfda76d6b4baa-683x1024.jpg 683w, https:\/\/musicspacelab.com\/wp-content\/uploads\/2026\/03\/bb1f959b9862889093d67d767ddcfda76d6b4baa-768x1152.jpg 768w\" sizes=\"auto, (max-width: 960px) 100vw, 960px\" \/><span aria-hidden=\"true\" class=\"wp-block-cover__background has-background-dim-0 has-background-dim\"><\/span><div class=\"wp-block-cover__inner-container is-layout-flow wp-block-cover-is-layout-flow\">\n<div style=\"height:240px\" aria-hidden=\"true\" class=\"wp-block-spacer\"><\/div>\n<\/div><\/div>\n<\/div>\n\n\n\n<div class=\"wp-block-column is-vertically-aligned-center is-layout-flow wp-block-column-is-layout-flow\">\n<div class=\"wp-block-group is-style-ext-preset--group--natural-1--item-card-1--align-start has-global-padding is-layout-constrained wp-block-group-is-layout-constrained is-style-ext-preset--group--natural-1--item-card-1--align-start--5\">\n<div class=\"wp-block-group is-style-default has-global-padding is-layout-constrained wp-block-group-is-layout-constrained\">\n<div class=\"wp-block-group is-nowrap is-layout-flex wp-container-core-group-is-layout-64fa2afa wp-block-group-is-layout-flex\" style=\"padding-top:0;padding-right:0;padding-bottom:0;padding-left:0\">\n<figure class=\"wp-block-image size-large ext-aspect-landscape wp-duotone-primary-foreground\"><img decoding=\"async\" src=\"data:image\/svg+xml;base64,PHN2ZyB4bWxucz0iaHR0cDovL3d3dy53My5vcmcvMjAwMC9zdmciIHdpZHRoPSI0OCIgaGVpZ2h0PSI0OCIgZmlsbD0iIzAwMDAwMCIgdmlld0JveD0iMCAwIDI1NiAyNTYiPjxwYXRoIGQ9Ik0xNzIsNzZhNDQsNDQsMCwxLDAtNDQsNDRBNDQuMDUsNDQuMDUsMCwwLDAsMTcyLDc2Wm0tNDQsMjhhMjgsMjgsMCwxLDEsMjgtMjhBMjgsMjgsMCwwLDEsMTI4LDEwNFptNjAsMjRhNDQsNDQsMCwxLDAsNDQsNDRBNDQuMDUsNDQuMDUsMCwwLDAsMTg4LDEyOFptMCw3MmEyOCwyOCwwLDEsMSwyOC0yOEEyOCwyOCwwLDAsMSwxODgsMjAwWk02OCwxMjhhNDQsNDQsMCwxLDAsNDQsNDRBNDQuMDUsNDQuMDUsMCwwLDAsNjgsMTI4Wm0wLDcyYTI4LDI4LDAsMSwxLDI4LTI4QTI4LDI4LDAsMCwxLDY4LDIwMFoiPjwvcGF0aD48L3N2Zz4=\" alt=\"\" style=\"object-fit:cover\"\/><\/figure>\n\n\n\n<div class=\"wp-block-group wp-container-content-958eb9dc has-global-padding is-layout-constrained wp-container-core-group-is-layout-c06d165c wp-block-group-is-layout-constrained\" style=\"padding-top:0;padding-right:0;padding-bottom:0;padding-left:0\">\n<h3 class=\"wp-block-heading\">Kompozycja i aran\u017cacja<\/h3>\n\n\n\n<p>Tworzenie oryginalnych utwor\u00f3w oraz ich profesjonalne aran\u017cacje dla r\u00f3\u017cnych projekt\u00f3w.<\/p>\n<\/div>\n<\/div>\n<\/div>\n<\/div>\n\n\n\n<div class=\"wp-block-group is-style-ext-preset--group--natural-1--item-card-1--align-start ext-animate--on has-global-padding is-layout-constrained wp-block-group-is-layout-constrained is-style-ext-preset--group--natural-1--item-card-1--align-start--6\">\n<div class=\"wp-block-group is-style-default has-global-padding is-layout-constrained wp-block-group-is-layout-constrained\">\n<div class=\"wp-block-group is-nowrap is-layout-flex wp-container-core-group-is-layout-64fa2afa wp-block-group-is-layout-flex\" style=\"padding-top:0;padding-right:0;padding-bottom:0;padding-left:0\">\n<figure class=\"wp-block-image size-large ext-aspect-landscape wp-duotone-primary-foreground\"><img decoding=\"async\" src=\"data:image\/svg+xml;base64,PHN2ZyB4bWxucz0iaHR0cDovL3d3dy53My5vcmcvMjAwMC9zdmciIHdpZHRoPSI0OCIgaGVpZ2h0PSI0OCIgZmlsbD0iIzAwMDAwMCIgdmlld0JveD0iMCAwIDI1NiAyNTYiPjxwYXRoIGQ9Ik04MCw0MGE0MCw0MCwwLDEsMCw0MCw0MEE0MCw0MCwwLDAsMCw4MCw0MFptMCw2NGEyNCwyNCwwLDEsMSwyNC0yNEEyNCwyNCwwLDAsMSw4MCwxMDRabTk2LDE2YTQwLDQwLDAsMSwwLTQwLTQwQTQwLDQwLDAsMCwwLDE3NiwxMjBabTAtNjRhMjQsMjQsMCwxLDEtMjQsMjRBMjQsMjQsMCwwLDEsMTc2LDU2Wk04MCwxMzZhNDAsNDAsMCwxLDAsNDAsNDBBNDAsNDAsMCwwLDAsODAsMTM2Wm0wLDY0YTI0LDI0LDAsMSwxLDI0LTI0QTI0LDI0LDAsMCwxLDgwLDIwMFptOTYtNjRhNDAsNDAsMCwxLDAsNDAsNDBBNDAsNDAsMCwwLDAsMTc2LDEzNlptMCw2NGEyNCwyNCwwLDEsMSwyNC0yNEEyNCwyNCwwLDAsMSwxNzYsMjAwWiI+PC9wYXRoPjwvc3ZnPg==\" alt=\"\" style=\"object-fit:cover\"\/><\/figure>\n\n\n\n<div class=\"wp-block-group wp-container-content-958eb9dc has-global-padding is-layout-constrained wp-container-core-group-is-layout-c06d165c wp-block-group-is-layout-constrained\" style=\"padding-top:0;padding-right:0;padding-bottom:0;padding-left:0\">\n<h3 class=\"wp-block-heading\">Produkcja d\u017awi\u0119ku<\/h3>\n\n\n\n<p>Nagrywanie, miksowanie i mastering muzyki z dba\u0142o\u015bci\u0105 o najwy\u017csz\u0105 jako\u015b\u0107 brzmienia.<\/p>\n<\/div>\n<\/div>\n<\/div>\n<\/div>\n\n\n\n<div class=\"wp-block-group is-style-ext-preset--group--natural-1--item-card-1--align-start ext-animate--on has-global-padding is-layout-constrained wp-block-group-is-layout-constrained is-style-ext-preset--group--natural-1--item-card-1--align-start--7\">\n<div class=\"wp-block-group is-style-default has-global-padding is-layout-constrained wp-block-group-is-layout-constrained\">\n<div class=\"wp-block-group is-nowrap is-layout-flex wp-container-core-group-is-layout-64fa2afa wp-block-group-is-layout-flex\" style=\"padding-top:0;padding-right:0;padding-bottom:0;padding-left:0\">\n<figure class=\"wp-block-image size-large ext-aspect-landscape wp-duotone-primary-foreground\"><img decoding=\"async\" src=\"data:image\/svg+xml;base64,PHN2ZyB4bWxucz0iaHR0cDovL3d3dy53My5vcmcvMjAwMC9zdmciIHdpZHRoPSI0OCIgaGVpZ2h0PSI0OCIgZmlsbD0iIzAwMDAwMCIgdmlld0JveD0iMCAwIDI1NiAyNTYiPjxwYXRoIGQ9Ik04MCw0MGE0MCw0MCwwLDEsMCw0MCw0MEE0MCw0MCwwLDAsMCw4MCw0MFptMCw2NGEyNCwyNCwwLDEsMSwyNC0yNEEyNCwyNCwwLDAsMSw4MCwxMDRabTk2LDE2YTQwLDQwLDAsMSwwLTQwLTQwQTQwLDQwLDAsMCwwLDE3NiwxMjBabTAtNjRhMjQsMjQsMCwxLDEtMjQsMjRBMjQsMjQsMCwwLDEsMTc2LDU2Wk04MCwxMzZhNDAsNDAsMCwxLDAsNDAsNDBBNDAsNDAsMCwwLDAsODAsMTM2Wm0wLDY0YTI0LDI0LDAsMSwxLDI0LTI0QTI0LDI0LDAsMCwxLDgwLDIwMFptMTM2LTI0YTgsOCwwLDAsMS04LDhIMTg0djI0YTgsOCwwLDAsMS0xNiwwVjE4NEgxNDRhOCw4LDAsMCwxLDAtMTZoMjRWMTQ0YTgsOCwwLDAsMSwxNiwwdjI0aDI0QTgsOCwwLDAsMSwyMTYsMTc2WiI+PC9wYXRoPjwvc3ZnPg==\" alt=\"\" style=\"object-fit:cover\"\/><\/figure>\n\n\n\n<div class=\"wp-block-group wp-container-content-958eb9dc has-global-padding is-layout-constrained wp-container-core-group-is-layout-c06d165c wp-block-group-is-layout-constrained\" style=\"padding-top:0;padding-right:0;padding-bottom:0;padding-left:0\">\n<h3 class=\"wp-block-heading\">Materia\u0142y d\u017awi\u0119kowe<\/h3>\n\n\n\n<p>Kreacja unikalnych sampli i podk\u0142ad\u00f3w specjalnie dostosowanych do Twoich potrzeb.<\/p>\n<\/div>\n<\/div>\n<\/div>\n<\/div>\n<\/div>\n<\/div>\n<\/div>\n\n<div class=\"wp-block-group alignfull is-style-ext-preset--group--natural-1--section has-background-background-color has-background has-global-padding is-layout-constrained wp-container-core-group-is-layout-e955bbaf wp-block-group-is-layout-constrained is-style-ext-preset--group--natural-1--section--8\" style=\"margin-top:0;margin-bottom:0;padding-top:var(--wp--preset--spacing--70);padding-bottom:var(--wp--preset--spacing--70)\">\n<h2 class=\"wp-block-heading has-text-align-center ext-animate--on\">Inspiruj\u0105ce historie sukcesu tw\u00f3rc\u00f3w muzyki<\/h2>\n\n\n\n<p class=\"has-text-align-center ext-animate--on\" style=\"margin-top:1.5rem\">Przewodnik krok po kroku po procesie produkcji muzycznej i wydawniczej, kt\u00f3ry pomo\u017ce Ci w pe\u0142ni wykorzysta\u0107 nasze us\u0142ugi.<\/p>\n\n\n\n<div class=\"wp-block-columns alignwide are-vertically-aligned-center is-layout-flex wp-container-core-columns-is-layout-174606dc wp-block-columns-is-layout-flex\">\n<div class=\"wp-block-column is-vertically-aligned-center ext-animate--on is-layout-flow wp-block-column-is-layout-flow\">\n<h3 class=\"wp-block-heading ext-animate--on\">Jak rozw\u00f3j kreatywny przyczyni\u0142 si\u0119 do sukcesu projektu muzycznego.<\/h3>\n\n\n\n<p class=\"ext-animate--on\" style=\"margin-top:1.5rem\">Analiza, w jaki spos\u00f3b nasze kompleksowe wsparcie muzyczne pozwoli\u0142o na zwi\u0119kszenie jako\u015bci produkcji oraz zasi\u0119gu artystycznego.<\/p>\n<\/div>\n\n\n\n<div class=\"wp-block-column is-vertically-aligned-center ext-animate--on is-layout-flow wp-block-column-is-layout-flow\">\n<figure class=\"wp-block-image is-style-ext-preset--image--natural-1--image-1--content-left is-style-ext-preset--image--natural-1--image-1--content-left--9\"><img loading=\"lazy\" decoding=\"async\" width=\"1280\" height=\"1828\" class=\"wp-image-49\" src=\"https:\/\/musicspacelab.com\/wp-content\/uploads\/2026\/03\/2b783ce0fcce64ff67550eff598174e761599f21.jpg\" alt=\"\" style=\"aspect-ratio:4\/3;object-fit:cover\" srcset=\"https:\/\/musicspacelab.com\/wp-content\/uploads\/2026\/03\/2b783ce0fcce64ff67550eff598174e761599f21.jpg 1280w, https:\/\/musicspacelab.com\/wp-content\/uploads\/2026\/03\/2b783ce0fcce64ff67550eff598174e761599f21-210x300.jpg 210w, https:\/\/musicspacelab.com\/wp-content\/uploads\/2026\/03\/2b783ce0fcce64ff67550eff598174e761599f21-717x1024.jpg 717w, https:\/\/musicspacelab.com\/wp-content\/uploads\/2026\/03\/2b783ce0fcce64ff67550eff598174e761599f21-768x1097.jpg 768w, https:\/\/musicspacelab.com\/wp-content\/uploads\/2026\/03\/2b783ce0fcce64ff67550eff598174e761599f21-1076x1536.jpg 1076w\" sizes=\"auto, (max-width: 1280px) 100vw, 1280px\" \/><\/figure>\n<\/div>\n<\/div>\n\n\n\n<div class=\"wp-block-columns alignwide are-vertically-aligned-center is-layout-flex wp-container-core-columns-is-layout-ed161d23 wp-block-columns-is-layout-flex\" style=\"margin-top:var(--wp--preset--spacing--50)\">\n<div class=\"wp-block-column is-vertically-aligned-center ext-animate--on is-layout-flow wp-block-column-is-layout-flow\">\n<figure class=\"wp-block-image is-style-ext-preset--image--natural-1--image-1--content-right is-style-ext-preset--image--natural-1--image-1--content-right--10\"><img loading=\"lazy\" decoding=\"async\" width=\"1280\" height=\"1920\" class=\"wp-image-51\" src=\"https:\/\/musicspacelab.com\/wp-content\/uploads\/2026\/03\/36a54e0622f55fe74c283ea0fec349967e420444.jpg\" alt=\"\" style=\"aspect-ratio:4\/3;object-fit:cover\" srcset=\"https:\/\/musicspacelab.com\/wp-content\/uploads\/2026\/03\/36a54e0622f55fe74c283ea0fec349967e420444.jpg 1280w, https:\/\/musicspacelab.com\/wp-content\/uploads\/2026\/03\/36a54e0622f55fe74c283ea0fec349967e420444-200x300.jpg 200w, https:\/\/musicspacelab.com\/wp-content\/uploads\/2026\/03\/36a54e0622f55fe74c283ea0fec349967e420444-683x1024.jpg 683w, https:\/\/musicspacelab.com\/wp-content\/uploads\/2026\/03\/36a54e0622f55fe74c283ea0fec349967e420444-768x1152.jpg 768w, https:\/\/musicspacelab.com\/wp-content\/uploads\/2026\/03\/36a54e0622f55fe74c283ea0fec349967e420444-1024x1536.jpg 1024w\" sizes=\"auto, (max-width: 1280px) 100vw, 1280px\" \/><\/figure>\n<\/div>\n\n\n\n<div class=\"wp-block-column is-vertically-aligned-center ext-animate--on is-layout-flow wp-block-column-is-layout-flow\">\n<h3 class=\"wp-block-heading ext-animate--on\">Budowanie trwa\u0142ego sukcesu dzi\u0119ki innowacyjnym rozwi\u0105zaniom muzycznym.<\/h3>\n\n\n\n<p class=\"ext-animate--on\" style=\"margin-top:1.5rem\">Opis, jak dzi\u0119ki wsp\u00f3\u0142pracy i nowatorskim metodom produkcji osi\u0105gn\u0119li\u015bmy prze\u0142omowe efekty.<\/p>\n<\/div>\n<\/div>\n\n\n\n<div class=\"wp-block-columns alignwide are-vertically-aligned-center is-layout-flex wp-container-core-columns-is-layout-ed161d23 wp-block-columns-is-layout-flex\" style=\"margin-top:var(--wp--preset--spacing--50)\">\n<div class=\"wp-block-column is-vertically-aligned-center ext-animate--on is-layout-flow wp-block-column-is-layout-flow\">\n<h3 class=\"wp-block-heading ext-animate--on\">Rewolucja w produkcji d\u017awi\u0119ku dzi\u0119ki zaawansowanym technologiom i kreatywno\u015bci.<\/h3>\n\n\n\n<p class=\"ext-animate--on\" style=\"margin-top:1.5rem\">Przedstawiamy, jak integracja naszych us\u0142ug pozwoli\u0142a zoptymalizowa\u0107 procesy tw\u00f3rcze i zwi\u0119kszy\u0107 efektywno\u015b\u0107 pracy.<\/p>\n<\/div>\n\n\n\n<div class=\"wp-block-column is-vertically-aligned-center ext-animate--on is-layout-flow wp-block-column-is-layout-flow\">\n<figure class=\"wp-block-image is-style-ext-preset--image--natural-1--image-1--content-left is-style-ext-preset--image--natural-1--image-1--content-left--11\"><img loading=\"lazy\" decoding=\"async\" width=\"1280\" height=\"1920\" class=\"wp-image-52\" src=\"https:\/\/musicspacelab.com\/wp-content\/uploads\/2026\/03\/cc2297ed0d976c37cbd460dfe1eedc430439fd68.jpg\" alt=\"\" style=\"aspect-ratio:4\/3;object-fit:cover\" srcset=\"https:\/\/musicspacelab.com\/wp-content\/uploads\/2026\/03\/cc2297ed0d976c37cbd460dfe1eedc430439fd68.jpg 1280w, https:\/\/musicspacelab.com\/wp-content\/uploads\/2026\/03\/cc2297ed0d976c37cbd460dfe1eedc430439fd68-200x300.jpg 200w, https:\/\/musicspacelab.com\/wp-content\/uploads\/2026\/03\/cc2297ed0d976c37cbd460dfe1eedc430439fd68-683x1024.jpg 683w, https:\/\/musicspacelab.com\/wp-content\/uploads\/2026\/03\/cc2297ed0d976c37cbd460dfe1eedc430439fd68-768x1152.jpg 768w, https:\/\/musicspacelab.com\/wp-content\/uploads\/2026\/03\/cc2297ed0d976c37cbd460dfe1eedc430439fd68-1024x1536.jpg 1024w\" sizes=\"auto, (max-width: 1280px) 100vw, 1280px\" \/><\/figure>\n<\/div>\n<\/div>\n\n\n\n<div class=\"wp-block-buttons ext-animate--on is-content-justification-center is-layout-flex wp-container-core-buttons-is-layout-a89b3969 wp-block-buttons-is-layout-flex\">\n<div class=\"wp-block-button is-style-ext-preset--button--natural-1--button-1 is-style-ext-preset--button--natural-1--button-1--12\"><a class=\"wp-block-button__link wp-element-button\" href=\"https:\/\/musicspacelab.com\/pl\/portfolio\/\">Czytaj dalej<\/a><\/div>\n<\/div>\n<\/div>","protected":false},"excerpt":{"rendered":"<p>Kompozytor i producent muzyczny Specjalista ds. produkcji d\u017awi\u0119ku Do\u015bwiadczony tw\u00f3rca muzyki z pasj\u0105 do \u0142\u0105czenia r\u00f3\u017cnych gatunk\u00f3w i kreowania unikalnych brzmie\u0144. Specjalizuje si\u0119 w komponowaniu i aran\u017cacji muzyki do film\u00f3w, gier oraz reklam, dbaj\u0105c o najwy\u017csz\u0105 jako\u015b\u0107 i oryginalno\u015b\u0107 realizacji. Tworzenie i produkcja muzyczna od koncepcji po finalny efekt Sekcja prezentuje unikalne atuty i mo\u017cliwo\u015bci, [&hellip;]<\/p>\n","protected":false},"author":1,"featured_media":0,"parent":0,"menu_order":0,"comment_status":"closed","ping_status":"closed","template":"page-with-title","meta":{"footnotes":""},"class_list":["post-36","page","type-page","status-publish","hentry"],"_links":{"self":[{"href":"https:\/\/musicspacelab.com\/pl\/wp-json\/wp\/v2\/pages\/36","targetHints":{"allow":["GET"]}}],"collection":[{"href":"https:\/\/musicspacelab.com\/pl\/wp-json\/wp\/v2\/pages"}],"about":[{"href":"https:\/\/musicspacelab.com\/pl\/wp-json\/wp\/v2\/types\/page"}],"author":[{"embeddable":true,"href":"https:\/\/musicspacelab.com\/pl\/wp-json\/wp\/v2\/users\/1"}],"replies":[{"embeddable":true,"href":"https:\/\/musicspacelab.com\/pl\/wp-json\/wp\/v2\/comments?post=36"}],"version-history":[{"count":2,"href":"https:\/\/musicspacelab.com\/pl\/wp-json\/wp\/v2\/pages\/36\/revisions"}],"predecessor-version":[{"id":53,"href":"https:\/\/musicspacelab.com\/pl\/wp-json\/wp\/v2\/pages\/36\/revisions\/53"}],"wp:attachment":[{"href":"https:\/\/musicspacelab.com\/pl\/wp-json\/wp\/v2\/media?parent=36"}],"curies":[{"name":"wp","href":"https:\/\/api.w.org\/{rel}","templated":true}]}}